{"id":1065,"date":"2025-01-29T11:31:57","date_gmt":"2025-01-29T11:31:57","guid":{"rendered":"https:\/\/wp.xcodexe.com\/tavio\/?page_id=1065"},"modified":"2025-10-07T15:57:23","modified_gmt":"2025-10-07T13:57:23","slug":"home-02","status":"publish","type":"page","link":"https:\/\/aim-transport.pl\/en\/","title":{"rendered":"Home"},"content":{"rendered":"<div data-elementor-type=\"wp-page\" data-elementor-id=\"1065\" class=\"elementor elementor-1065\">\n\t\t\t\t<div class=\"elementor-element elementor-element-232a06f e-flex e-con-boxed e-con e-parent\" data-id=\"232a06f\" data-element_type=\"container\" data-e-type=\"container\" data-settings=\"{&quot;background_background&quot;:&quot;classic&quot;}\">\n\t\t\t\t\t<div class=\"e-con-inner\">\n\t\t<div class=\"elementor-element elementor-element-11361d1 e-con-full e-flex e-con e-child\" data-id=\"11361d1\" data-element_type=\"container\" data-e-type=\"container\">\n\t\t\t\t<div class=\"elementor-element elementor-element-d9a7dca elementor-widget elementor-widget-at-heading\" data-id=\"d9a7dca\" data-element_type=\"widget\" data-e-type=\"widget\" data-widget_type=\"at-heading.default\">\n\t\t\t\t<div class=\"elementor-widget-container\">\n\t\t\t\t\t\n        <div class=\"section-heading style-one\">\n\t\t\t\n\t\t\t                <h2 class=\"section-title wow fadeInUp translation-block\" data-wow-delay=\"0.3s\">Your Partner in International Transport<\/h2>\n\t\t\t\n\t\t\t                <div class=\"description wow fadeInUp\" data-wow-delay=\"0.5s\"><p class=\"translation-block\">We deliver temperature-controlled and non-refrigerated cargo across the entire European Union.\nWe guarantee punctuality, safety, and full reliability. We work flexibly, are available 24\/7, and stay focused on your success.<\/p><\/div>\n\t\t\t        <\/div>\n\n\t\t\t\t\t\t<\/div>\n\t\t\t\t<\/div>\n\t\t<div class=\"elementor-element elementor-element-2891f0a e-con-full e-flex e-con e-child\" data-id=\"2891f0a\" data-element_type=\"container\" data-e-type=\"container\">\n\t\t\t\t<div class=\"elementor-element elementor-element-dece8cf elementor-widget elementor-widget-at-button\" data-id=\"dece8cf\" data-element_type=\"widget\" data-e-type=\"widget\" data-widget_type=\"at-button.default\">\n\t\t\t\t<div class=\"elementor-widget-container\">\n\t\t\t\t\t\t\t<div class=\"at-btn-wrapper\">\n\t\t\t<a href=\"https:\/\/aim-transport.pl\/en\/kontakt\/\" class=\"tt-btn-link at-btn\">\n\t\t\t\tGet in Touch<i class='flaticon flaticon-right-arrow'><\/i>\t\t\t<\/a>\n\t\t<\/div>\n\t\t\t\t\t\t<\/div>\n\t\t\t\t<\/div>\n\t\t\t\t<div class=\"elementor-element elementor-element-8a398e9 elementor-widget elementor-widget-at-icon-box\" data-id=\"8a398e9\" data-element_type=\"widget\" data-e-type=\"widget\" data-widget_type=\"at-icon-box.default\">\n\t\t\t\t<div class=\"elementor-widget-container\">\n\t\t\t\t\t\n\t\t\n\t\t\t<div class=\"icon-box icon-style-eight\">\n\n\t\t\t\t\t\t\t\t\t\t\t<div class=\"icon-box-icon\">\n\t\t\t\t\t<i class=\"flaticon flaticon-phone\"><\/i>\n\t\t\t\t<\/div>\n\t\t\t\t\n\t\t\t\t<div class=\"icon-box-content\">\n\t\t\t\t\t\t\t\t\t\t<div class=\"icon-box-title\" >\n\t\t\t\t\t\t<h2>Contact Us<\/h2>\n\t\t\t\t\t<\/div>\n\n\t\t\t\t\t<div class=\"icon-box-desc\" >\n\t\t\t\t\t\t<p><\/p>\n\t\t\t\t\t<\/div>\n\n\t\t\t\t\t\t\t\t<div class='icon-btn'>\n\t\t\t\t<a class='at-btn' href=\"tel:+48880140007\">\n\t\t\t\t\t+48 880 140 007\t\t\t\t<\/a>\n\t\t\t<\/div>\n\t\t\t\n\t\t\t\t<\/div><!-- .icon-box-content -->\n\t\t\t<\/div><!-- .icon-box .icon-style-eight -->\n\n\t\t\t\t\t\t<\/div>\n\t\t\t\t<\/div>\n\t\t\t\t<\/div>\n\t\t\t\t<\/div>\n\t\t<div class=\"elementor-element elementor-element-9000665 e-con-full e-flex e-con e-child\" data-id=\"9000665\" data-element_type=\"container\" data-e-type=\"container\">\n\t\t\t\t<div class=\"elementor-element elementor-element-d5135d9 elementor-widget elementor-widget-image\" data-id=\"d5135d9\" data-element_type=\"widget\" data-e-type=\"widget\" data-widget_type=\"image.default\">\n\t\t\t\t\t\t\t\t\t\t\t\t\t\t\t<img fetchpriority=\"high\" decoding=\"async\" width=\"745\" height=\"896\" src=\"https:\/\/aim-transport.pl\/wp-content\/uploads\/2025\/10\/Strona-glowna-gora-nakladka.png\" class=\"attachment-large size-large wp-image-1595\" alt=\"\" srcset=\"https:\/\/aim-transport.pl\/wp-content\/uploads\/2025\/10\/Strona-glowna-gora-nakladka.png 745w, https:\/\/aim-transport.pl\/wp-content\/uploads\/2025\/10\/Strona-glowna-gora-nakladka-249x300.png 249w\" sizes=\"(max-width: 745px) 100vw, 745px\" \/>\t\t\t\t\t\t\t\t\t\t\t\t\t\t\t<\/div>\n\t\t\t\t<\/div>\n\t\t\t\t\t<\/div>\n\t\t\t\t<\/div>\n\t\t<div class=\"elementor-element elementor-element-13db657 e-flex e-con-boxed e-con e-parent\" data-id=\"13db657\" data-element_type=\"container\" data-e-type=\"container\">\n\t\t\t\t\t<div class=\"e-con-inner\">\n\t\t<div class=\"elementor-element elementor-element-c104573 e-con-full e-flex e-con e-child\" data-id=\"c104573\" data-element_type=\"container\" data-e-type=\"container\">\n\t\t\t\t<div class=\"elementor-element elementor-element-b79af45 elementor-widget elementor-widget-at-heading\" data-id=\"b79af45\" data-element_type=\"widget\" data-e-type=\"widget\" data-widget_type=\"at-heading.default\">\n\t\t\t\t<div class=\"elementor-widget-container\">\n\t\t\t\t\t\n        <div class=\"section-heading style-one\">\n\t\t\t                <h5 class=\"subtitle wow fadeInUp\"><div class='circle_bar left_bar'><\/div>AIM Transport<\/h5>\n\t\t\t\n\t\t\t                <h2 class=\"section-title wow fadeInUp\" data-wow-delay=\"0.3s\">A Reliable Partner. Reliable Transport.<\/h2>\n\t\t\t\n\t\t\t        <\/div>\n\n\t\t\t\t\t\t<\/div>\n\t\t\t\t<\/div>\n\t\t\t\t<\/div>\n\t\t<div class=\"elementor-element elementor-element-5acd571 e-con-full e-flex e-con e-child\" data-id=\"5acd571\" data-element_type=\"container\" data-e-type=\"container\">\n\t\t\t\t<div class=\"elementor-element elementor-element-d581109 elementor-widget elementor-widget-image\" data-id=\"d581109\" data-element_type=\"widget\" data-e-type=\"widget\" data-widget_type=\"image.default\">\n\t\t\t\t\t\t\t\t\t\t\t\t\t\t\t<img decoding=\"async\" width=\"1024\" height=\"1024\" src=\"https:\/\/aim-transport.pl\/wp-content\/uploads\/2025\/10\/Europa-Strona-Glowna_o-nas-1024x1024.png\" class=\"attachment-large size-large wp-image-1857\" alt=\"\" srcset=\"https:\/\/aim-transport.pl\/wp-content\/uploads\/2025\/10\/Europa-Strona-Glowna_o-nas-1024x1024.png 1024w, https:\/\/aim-transport.pl\/wp-content\/uploads\/2025\/10\/Europa-Strona-Glowna_o-nas-300x300.png 300w, https:\/\/aim-transport.pl\/wp-content\/uploads\/2025\/10\/Europa-Strona-Glowna_o-nas-150x150.png 150w, https:\/\/aim-transport.pl\/wp-content\/uploads\/2025\/10\/Europa-Strona-Glowna_o-nas-768x768.png 768w, https:\/\/aim-transport.pl\/wp-content\/uploads\/2025\/10\/Europa-Strona-Glowna_o-nas-100x100.png 100w, https:\/\/aim-transport.pl\/wp-content\/uploads\/2025\/10\/Europa-Strona-Glowna_o-nas-480x480.png 480w, https:\/\/aim-transport.pl\/wp-content\/uploads\/2025\/10\/Europa-Strona-Glowna_o-nas.png 1080w\" sizes=\"(max-width: 1024px) 100vw, 1024px\" \/>\t\t\t\t\t\t\t\t\t\t\t\t\t\t\t<\/div>\n\t\t\t\t<\/div>\n\t\t<div class=\"elementor-element elementor-element-f484e6d e-con-full e-flex e-con e-child\" data-id=\"f484e6d\" data-element_type=\"container\" data-e-type=\"container\">\n\t\t\t\t<div class=\"elementor-element elementor-element-b52ab94 elementor-widget elementor-widget-at-heading\" data-id=\"b52ab94\" data-element_type=\"widget\" data-e-type=\"widget\" data-widget_type=\"at-heading.default\">\n\t\t\t\t<div class=\"elementor-widget-container\">\n\t\t\t\t\t\n        <div class=\"section-heading style-one\">\n\t\t\t\n\t\t\t\n\t\t\t                <div class=\"description wow fadeInUp\" data-wow-delay=\"0.5s\"><p data-start=\"381\" data-end=\"638\">We deliver goods across Europe \u2014 always on time and always safely.<\/p><p data-start=\"381\" data-end=\"638\">We specialize in temperature-controlled transport. With a modern fleet and 24\/7 availability, we\u2019re exactly where you need us, exactly when you expect us to be.<\/p><p data-start=\"640\" data-end=\"874\">With AIM Transport, you gain more than just a carrier \u2014 you gain a partner who drives your business forward.\nWe ensure dependable service, flexible logistics solutions, and transparent cooperation for both Clients and Carriers.<\/p><\/div>\n\t\t\t        <\/div>\n\n\t\t\t\t\t\t<\/div>\n\t\t\t\t<\/div>\n\t\t\t\t<div class=\"elementor-element elementor-element-2c92634 elementor-widget elementor-widget-spacer\" data-id=\"2c92634\" data-element_type=\"widget\" data-e-type=\"widget\" data-widget_type=\"spacer.default\">\n\t\t\t\t\t\t\t<div class=\"elementor-spacer\">\n\t\t\t<div class=\"elementor-spacer-inner\"><\/div>\n\t\t<\/div>\n\t\t\t\t\t\t<\/div>\n\t\t\t\t<div class=\"elementor-element elementor-element-3708f87 elementor-align-right elementor-widget elementor-widget-at-button\" data-id=\"3708f87\" data-element_type=\"widget\" data-e-type=\"widget\" data-widget_type=\"at-button.default\">\n\t\t\t\t<div class=\"elementor-widget-container\">\n\t\t\t\t\t\t\t<div class=\"at-btn-wrapper\">\n\t\t\t<a href=\"https:\/\/aim-transport.pl\/en\/o-nas\/\" class=\"tt-btn-link at-btn\">\n\t\t\t\tOur Story<i class='fas fa-angle-double-right'><\/i>\t\t\t<\/a>\n\t\t<\/div>\n\t\t\t\t\t\t<\/div>\n\t\t\t\t<\/div>\n\t\t\t\t<\/div>\n\t\t\t\t\t<\/div>\n\t\t\t\t<\/div>\n\t\t<div class=\"elementor-element elementor-element-fa9b7ca e-flex e-con-boxed e-con e-parent\" data-id=\"fa9b7ca\" data-element_type=\"container\" data-e-type=\"container\">\n\t\t\t\t\t<div class=\"e-con-inner\">\n\t\t<div class=\"elementor-element elementor-element-d416f64 e-con-full e-flex e-con e-child\" data-id=\"d416f64\" data-element_type=\"container\" data-e-type=\"container\">\n\t\t\t\t<div class=\"elementor-element elementor-element-7caca48 elementor-widget elementor-widget-at-heading\" data-id=\"7caca48\" data-element_type=\"widget\" data-e-type=\"widget\" data-widget_type=\"at-heading.default\">\n\t\t\t\t<div class=\"elementor-widget-container\">\n\t\t\t\t\t\n        <div class=\"section-heading style-one\">\n\t\t\t                <h5 class=\"subtitle wow fadeInUp\"><div class='circle_bar left_bar'><\/div>Clear rules. Fair play<\/h5>\n\t\t\t\n\t\t\t                <h2 class=\"section-title wow fadeInUp\" data-wow-delay=\"0.3s\">RELIABLE LOGISTICS YOU CAN COUNT ON<\/h2>\n\t\t\t\n\t\t\t                <div class=\"description wow fadeInUp\" data-wow-delay=\"0.5s\"><p>We\u2019re a team for whom transport means more than just moving goods \u2014 it\u2019s a responsibility for our Clients\u2019 entire supply chain.\nWe support companies across Europe, providing transport solutions tailored to their needs.\nWe work with passion, precision, and a deep understanding that your success depends on our reliability.<\/p><p>Our values are professionalism, transparency, and partnership \u2014 because we believe that only strong relationships build long-term cooperation.<\/p><\/div>\n\t\t\t        <\/div>\n\n\t\t\t\t\t\t<\/div>\n\t\t\t\t<\/div>\n\t\t\t\t<\/div>\n\t\t\t\t\t<\/div>\n\t\t\t\t<\/div>\n\t\t<div class=\"elementor-element elementor-element-b820858 e-flex e-con-boxed e-con e-parent\" data-id=\"b820858\" data-element_type=\"container\" data-e-type=\"container\" data-settings=\"{&quot;background_background&quot;:&quot;classic&quot;}\">\n\t\t\t\t\t<div class=\"e-con-inner\">\n\t\t<div class=\"elementor-element elementor-element-02a779b e-con-full e-flex e-con e-child\" data-id=\"02a779b\" data-element_type=\"container\" data-e-type=\"container\" data-settings=\"{&quot;background_background&quot;:&quot;classic&quot;}\">\n\t\t<div class=\"elementor-element elementor-element-26d7f5c e-con-full e-flex e-con e-child\" data-id=\"26d7f5c\" data-element_type=\"container\" data-e-type=\"container\">\n\t\t\t\t<div class=\"elementor-element elementor-element-cfe02fd elementor-widget elementor-widget-image\" data-id=\"cfe02fd\" data-element_type=\"widget\" data-e-type=\"widget\" data-widget_type=\"image.default\">\n\t\t\t\t\t\t\t\t\t\t\t\t\t\t\t\t<a href=\"https:\/\/aim-transport.pl\/en\/strefa-przewoznika\/\">\n\t\t\t\t\t\t\t<img decoding=\"async\" width=\"472\" height=\"506\" src=\"https:\/\/aim-transport.pl\/wp-content\/uploads\/2025\/10\/Strefa-Przewoznika.png\" class=\"attachment-full size-full wp-image-1608\" alt=\"\" srcset=\"https:\/\/aim-transport.pl\/wp-content\/uploads\/2025\/10\/Strefa-Przewoznika.png 472w, https:\/\/aim-transport.pl\/wp-content\/uploads\/2025\/10\/Strefa-Przewoznika-280x300.png 280w\" sizes=\"(max-width: 472px) 100vw, 472px\" \/>\t\t\t\t\t\t\t\t<\/a>\n\t\t\t\t\t\t\t\t\t\t\t\t\t\t\t<\/div>\n\t\t\t\t<div class=\"elementor-element elementor-element-63e59f1 elementor-align-center elementor-widget elementor-widget-at-button\" data-id=\"63e59f1\" data-element_type=\"widget\" data-e-type=\"widget\" data-widget_type=\"at-button.default\">\n\t\t\t\t<div class=\"elementor-widget-container\">\n\t\t\t\t\t\t\t<div class=\"at-btn-wrapper\">\n\t\t\t<a href=\"https:\/\/aim-transport.pl\/en\/strefa-przewoznika\/\" class=\"tt-btn-link at-btn\">\n\t\t\t\tCarrier zone<i class='fas fa-angle-double-right'><\/i>\t\t\t<\/a>\n\t\t<\/div>\n\t\t\t\t\t\t<\/div>\n\t\t\t\t<\/div>\n\t\t\t\t<\/div>\n\t\t<div class=\"elementor-element elementor-element-3a42232 e-con-full e-flex e-con e-child\" data-id=\"3a42232\" data-element_type=\"container\" data-e-type=\"container\">\n\t\t\t\t<div class=\"elementor-element elementor-element-be75d9c elementor-widget elementor-widget-image\" data-id=\"be75d9c\" data-element_type=\"widget\" data-e-type=\"widget\" data-widget_type=\"image.default\">\n\t\t\t\t\t\t\t\t\t\t\t\t\t\t\t\t<a href=\"https:\/\/aim-transport.pl\/en\/strefa-klienta\/\">\n\t\t\t\t\t\t\t<img loading=\"lazy\" decoding=\"async\" width=\"472\" height=\"506\" src=\"https:\/\/aim-transport.pl\/wp-content\/uploads\/2025\/10\/Strefa-Klienta-1.png\" class=\"attachment-full size-full wp-image-1844\" alt=\"\" srcset=\"https:\/\/aim-transport.pl\/wp-content\/uploads\/2025\/10\/Strefa-Klienta-1.png 472w, https:\/\/aim-transport.pl\/wp-content\/uploads\/2025\/10\/Strefa-Klienta-1-280x300.png 280w\" sizes=\"(max-width: 472px) 100vw, 472px\" \/>\t\t\t\t\t\t\t\t<\/a>\n\t\t\t\t\t\t\t\t\t\t\t\t\t\t\t<\/div>\n\t\t\t\t<div class=\"elementor-element elementor-element-f1d3fae elementor-align-center elementor-widget elementor-widget-at-button\" data-id=\"f1d3fae\" data-element_type=\"widget\" data-e-type=\"widget\" data-widget_type=\"at-button.default\">\n\t\t\t\t<div class=\"elementor-widget-container\">\n\t\t\t\t\t\t\t<div class=\"at-btn-wrapper\">\n\t\t\t<a href=\"https:\/\/aim-transport.pl\/en\/strefa-klienta\/\" class=\"tt-btn-link at-btn\">\n\t\t\t\tClient zone<i class='fas fa-angle-double-right'><\/i>\t\t\t<\/a>\n\t\t<\/div>\n\t\t\t\t\t\t<\/div>\n\t\t\t\t<\/div>\n\t\t\t\t<\/div>\n\t\t\t\t<\/div>\n\t\t\t\t\t<\/div>\n\t\t\t\t<\/div>\n\t\t\t\t<\/div>","protected":false},"excerpt":{"rendered":"<p>Tw\u00f3j partner w transporcie mi\u0119dzynarodowym Dostarczamy \u0142adunki w temperaturze kontrolowanej i neutralne na terenie ca\u0142ej Unii Europejskiej. Gwarantujemy terminowo\u015b\u0107, bezpiecze\u0144stwo i pe\u0142n\u0105 niezawodno\u015b\u0107. Dzia\u0142amy elastycznie, jeste\u015bmy dost\u0119pni 24\/7 i zawsze skupieni na Twoim sukcesie. Porozmawiajmy Zadzwo\u0144 do nas +48 880 140 007 AIM Transport Pewny partner. Pewny transport. Dostarczamy towary w ca\u0142ej Europie \u2013 zawsze [&hellip;]<\/p>\n","protected":false},"author":1,"featured_media":0,"parent":0,"menu_order":0,"comment_status":"closed","ping_status":"closed","template":"elementor_header_footer","meta":{"footnotes":""},"class_list":["post-1065","page","type-page","status-publish","hentry"],"_links":{"self":[{"href":"https:\/\/aim-transport.pl\/en\/wp-json\/wp\/v2\/pages\/1065","targetHints":{"allow":["GET"]}}],"collection":[{"href":"https:\/\/aim-transport.pl\/en\/wp-json\/wp\/v2\/pages"}],"about":[{"href":"https:\/\/aim-transport.pl\/en\/wp-json\/wp\/v2\/types\/page"}],"author":[{"embeddable":true,"href":"https:\/\/aim-transport.pl\/en\/wp-json\/wp\/v2\/users\/1"}],"replies":[{"embeddable":true,"href":"https:\/\/aim-transport.pl\/en\/wp-json\/wp\/v2\/comments?post=1065"}],"version-history":[{"count":134,"href":"https:\/\/aim-transport.pl\/en\/wp-json\/wp\/v2\/pages\/1065\/revisions"}],"predecessor-version":[{"id":2059,"href":"https:\/\/aim-transport.pl\/en\/wp-json\/wp\/v2\/pages\/1065\/revisions\/2059"}],"wp:attachment":[{"href":"https:\/\/aim-transport.pl\/en\/wp-json\/wp\/v2\/media?parent=1065"}],"curies":[{"name":"wp","href":"https:\/\/api.w.org\/{rel}","templated":true}]}}