{"id":1879,"date":"2025-10-06T21:15:43","date_gmt":"2025-10-06T19:15:43","guid":{"rendered":"https:\/\/aim-transport.pl\/?page_id=1879"},"modified":"2026-03-26T13:05:21","modified_gmt":"2026-03-26T12:05:21","slug":"kariera","status":"publish","type":"page","link":"https:\/\/aim-transport.pl\/en\/kariera\/","title":{"rendered":"Careers"},"content":{"rendered":"<div data-elementor-type=\"wp-page\" data-elementor-id=\"1879\" class=\"elementor elementor-1879\">\n\t\t\t\t<div class=\"elementor-element elementor-element-495f81d e-flex e-con-boxed e-con e-parent\" data-id=\"495f81d\" data-element_type=\"container\" data-e-type=\"container\">\n\t\t\t\t\t<div class=\"e-con-inner\">\n\t\t<div class=\"elementor-element elementor-element-a497d9b e-con-full e-flex e-con e-child\" data-id=\"a497d9b\" data-element_type=\"container\" data-e-type=\"container\">\n\t\t\t\t<div class=\"elementor-element elementor-element-c57c6c5 elementor-widget__width-initial elementor-widget elementor-widget-image\" data-id=\"c57c6c5\" data-element_type=\"widget\" data-e-type=\"widget\" data-widget_type=\"image.default\">\n\t\t\t\t\t\t\t\t\t\t\t\t\t\t\t<img fetchpriority=\"high\" decoding=\"async\" width=\"472\" height=\"506\" src=\"https:\/\/aim-transport.pl\/wp-content\/uploads\/2025\/10\/Kariera_new.png\" class=\"attachment-full size-full wp-image-2077\" alt=\"\" srcset=\"https:\/\/aim-transport.pl\/wp-content\/uploads\/2025\/10\/Kariera_new.png 472w, https:\/\/aim-transport.pl\/wp-content\/uploads\/2025\/10\/Kariera_new-280x300.png 280w\" sizes=\"(max-width: 472px) 100vw, 472px\" \/>\t\t\t\t\t\t\t\t\t\t\t\t\t\t\t<\/div>\n\t\t\t\t<\/div>\n\t\t<div class=\"elementor-element elementor-element-44989c4 e-con-full e-flex e-con e-child\" data-id=\"44989c4\" data-element_type=\"container\" data-e-type=\"container\">\n\t\t\t\t<div class=\"elementor-element elementor-element-ee7706d elementor-widget elementor-widget-at-heading\" data-id=\"ee7706d\" data-element_type=\"widget\" data-e-type=\"widget\" data-widget_type=\"at-heading.default\">\n\t\t\t\t<div class=\"elementor-widget-container\">\n\t\t\t\t\t\n        <div class=\"section-heading style-one\">\n\t\t\t                <h5 class=\"subtitle wow fadeInUp\"><div class='circle_bar bottom_bar'><\/div><i class='far fa-handshake'><\/i>Join the Team Driving European Transport Forward<\/h5>\n\t\t\t\n\t\t\t                <h2 class=\"section-title wow fadeInUp\" data-wow-delay=\"0.3s\">We\u2019re a company built on partnership.<\/h2>\n\t\t\t\n\t\t\t                <div class=\"description wow fadeInUp\" data-wow-delay=\"0.5s\"><p>Our mission is professionalism and mutual trust.\nWe believe that every successful delivery depends on a coordinated team of drivers, dispatchers, forwarders, and specialists working together to ensure every load arrives safely and on time.\u00a0<\/p><\/div>\n\t\t\t        <\/div>\n\n\t\t\t\t\t\t<\/div>\n\t\t\t\t<\/div>\n\t\t\t\t<\/div>\n\t\t<div class=\"elementor-element elementor-element-bf63762 e-con-full e-flex e-con e-child\" data-id=\"bf63762\" data-element_type=\"container\" data-e-type=\"container\">\n\t\t<div class=\"elementor-element elementor-element-c8a72d3 e-con-full e-flex e-con e-child\" data-id=\"c8a72d3\" data-element_type=\"container\" data-e-type=\"container\">\n\t\t\t\t<div class=\"elementor-element elementor-element-93da107 elementor-widget elementor-widget-at-heading\" data-id=\"93da107\" data-element_type=\"widget\" data-e-type=\"widget\" data-widget_type=\"at-heading.default\">\n\t\t\t\t<div class=\"elementor-widget-container\">\n\t\t\t\t\t\n        <div class=\"section-heading style-one\">\n\t\t\t\n\t\t\t                <h2 class=\"section-title wow fadeInUp\" data-wow-delay=\"0.3s\">Why work with us?<\/h2>\n\t\t\t\n\t\t\t        <\/div>\n\n\t\t\t\t\t\t<\/div>\n\t\t\t\t<\/div>\n\t\t<div class=\"elementor-element elementor-element-aa64ed9 e-con-full e-flex e-con e-child\" data-id=\"aa64ed9\" data-element_type=\"container\" data-e-type=\"container\">\n\t\t\t\t<div class=\"elementor-element elementor-element-a06aa13 elementor-widget__width-inherit elementor-icon-list--layout-traditional elementor-list-item-link-full_width elementor-widget elementor-widget-icon-list\" data-id=\"a06aa13\" data-element_type=\"widget\" data-e-type=\"widget\" data-widget_type=\"icon-list.default\">\n\t\t\t\t\t\t\t<ul class=\"elementor-icon-list-items\">\n\t\t\t\t\t\t\t<li class=\"elementor-icon-list-item\">\n\t\t\t\t\t\t\t\t\t\t\t<span class=\"elementor-icon-list-icon\">\n\t\t\t\t\t\t\t<svg xmlns=\"http:\/\/www.w3.org\/2000\/svg\" xmlns:xlink=\"http:\/\/www.w3.org\/1999\/xlink\" xmlns:serif=\"http:\/\/www.serif.com\/\" width=\"100%\" height=\"100%\" viewbox=\"0 0 21 21\" xml:space=\"preserve\" style=\"fill-rule:evenodd;clip-rule:evenodd;stroke-linejoin:round;stroke-miterlimit:2;\">    <g transform=\"matrix(1,0,0,1,-8783,-5638)\">        <g id=\"Artboard1\" transform=\"matrix(0.356858,0,0,0.390568,5648.42,3435.76)\">            <rect x=\"8783.83\" y=\"5638.57\" width=\"58.38\" height=\"53.341\" style=\"fill:none;\"><\/rect>            <g transform=\"matrix(1.7661,0,0,1.69929,-6563.83,-3956.03)\">                <path d=\"M8707.16,5674.34L8719.59,5649.55L8693.75,5659.62L8706.42,5661.39L8707.16,5674.34Z\" style=\"fill:rgb(239,124,0);\"><\/path>            <\/g>        <\/g>    <\/g><\/svg>\t\t\t\t\t\t<\/span>\n\t\t\t\t\t\t\t\t\t\t<span class=\"elementor-icon-list-text\">Stability and transparent cooperation<\/span>\n\t\t\t\t\t\t\t\t\t<\/li>\n\t\t\t\t\t\t\t\t<li class=\"elementor-icon-list-item\">\n\t\t\t\t\t\t\t\t\t\t\t<span class=\"elementor-icon-list-icon\">\n\t\t\t\t\t\t\t<svg xmlns=\"http:\/\/www.w3.org\/2000\/svg\" xmlns:xlink=\"http:\/\/www.w3.org\/1999\/xlink\" xmlns:serif=\"http:\/\/www.serif.com\/\" width=\"100%\" height=\"100%\" viewbox=\"0 0 21 21\" xml:space=\"preserve\" style=\"fill-rule:evenodd;clip-rule:evenodd;stroke-linejoin:round;stroke-miterlimit:2;\">    <g transform=\"matrix(1,0,0,1,-8783,-5638)\">        <g id=\"Artboard1\" transform=\"matrix(0.356858,0,0,0.390568,5648.42,3435.76)\">            <rect x=\"8783.83\" y=\"5638.57\" width=\"58.38\" height=\"53.341\" style=\"fill:none;\"><\/rect>            <g transform=\"matrix(1.7661,0,0,1.69929,-6563.83,-3956.03)\">                <path d=\"M8707.16,5674.34L8719.59,5649.55L8693.75,5659.62L8706.42,5661.39L8707.16,5674.34Z\" style=\"fill:rgb(239,124,0);\"><\/path>            <\/g>        <\/g>    <\/g><\/svg>\t\t\t\t\t\t<\/span>\n\t\t\t\t\t\t\t\t\t\t<span class=\"elementor-icon-list-text\">Career growth and promotion opportunities<\/span>\n\t\t\t\t\t\t\t\t\t<\/li>\n\t\t\t\t\t\t\t\t<li class=\"elementor-icon-list-item\">\n\t\t\t\t\t\t\t\t\t\t\t<span class=\"elementor-icon-list-icon\">\n\t\t\t\t\t\t\t<svg xmlns=\"http:\/\/www.w3.org\/2000\/svg\" xmlns:xlink=\"http:\/\/www.w3.org\/1999\/xlink\" xmlns:serif=\"http:\/\/www.serif.com\/\" width=\"100%\" height=\"100%\" viewbox=\"0 0 21 21\" xml:space=\"preserve\" style=\"fill-rule:evenodd;clip-rule:evenodd;stroke-linejoin:round;stroke-miterlimit:2;\">    <g transform=\"matrix(1,0,0,1,-8783,-5638)\">        <g id=\"Artboard1\" transform=\"matrix(0.356858,0,0,0.390568,5648.42,3435.76)\">            <rect x=\"8783.83\" y=\"5638.57\" width=\"58.38\" height=\"53.341\" style=\"fill:none;\"><\/rect>            <g transform=\"matrix(1.7661,0,0,1.69929,-6563.83,-3956.03)\">                <path d=\"M8707.16,5674.34L8719.59,5649.55L8693.75,5659.62L8706.42,5661.39L8707.16,5674.34Z\" style=\"fill:rgb(239,124,0);\"><\/path>            <\/g>        <\/g>    <\/g><\/svg>\t\t\t\t\t\t<\/span>\n\t\t\t\t\t\t\t\t\t\t<span class=\"elementor-icon-list-text\">Support from an experienced team<\/span>\n\t\t\t\t\t\t\t\t\t<\/li>\n\t\t\t\t\t\t<\/ul>\n\t\t\t\t\t\t<\/div>\n\t\t\t\t<div class=\"elementor-element elementor-element-5bf9c0a elementor-widget__width-inherit elementor-align-start elementor-icon-list--layout-traditional elementor-list-item-link-full_width elementor-widget elementor-widget-icon-list\" data-id=\"5bf9c0a\" data-element_type=\"widget\" data-e-type=\"widget\" data-widget_type=\"icon-list.default\">\n\t\t\t\t\t\t\t<ul class=\"elementor-icon-list-items\">\n\t\t\t\t\t\t\t<li class=\"elementor-icon-list-item\">\n\t\t\t\t\t\t\t\t\t\t\t<span class=\"elementor-icon-list-icon\">\n\t\t\t\t\t\t\t<svg xmlns=\"http:\/\/www.w3.org\/2000\/svg\" xmlns:xlink=\"http:\/\/www.w3.org\/1999\/xlink\" xmlns:serif=\"http:\/\/www.serif.com\/\" width=\"100%\" height=\"100%\" viewbox=\"0 0 21 21\" xml:space=\"preserve\" style=\"fill-rule:evenodd;clip-rule:evenodd;stroke-linejoin:round;stroke-miterlimit:2;\">    <g transform=\"matrix(1,0,0,1,-8783,-5638)\">        <g id=\"Artboard1\" transform=\"matrix(0.356858,0,0,0.390568,5648.42,3435.76)\">            <rect x=\"8783.83\" y=\"5638.57\" width=\"58.38\" height=\"53.341\" style=\"fill:none;\"><\/rect>            <g transform=\"matrix(1.7661,0,0,1.69929,-6563.83,-3956.03)\">                <path d=\"M8707.16,5674.34L8719.59,5649.55L8693.75,5659.62L8706.42,5661.39L8707.16,5674.34Z\" style=\"fill:rgb(239,124,0);\"><\/path>            <\/g>        <\/g>    <\/g><\/svg>\t\t\t\t\t\t<\/span>\n\t\t\t\t\t\t\t\t\t\t<span class=\"elementor-icon-list-text\">Modern tools and technologies<\/span>\n\t\t\t\t\t\t\t\t\t<\/li>\n\t\t\t\t\t\t\t\t<li class=\"elementor-icon-list-item\">\n\t\t\t\t\t\t\t\t\t\t\t<span class=\"elementor-icon-list-icon\">\n\t\t\t\t\t\t\t<svg xmlns=\"http:\/\/www.w3.org\/2000\/svg\" xmlns:xlink=\"http:\/\/www.w3.org\/1999\/xlink\" xmlns:serif=\"http:\/\/www.serif.com\/\" width=\"100%\" height=\"100%\" viewbox=\"0 0 21 21\" xml:space=\"preserve\" style=\"fill-rule:evenodd;clip-rule:evenodd;stroke-linejoin:round;stroke-miterlimit:2;\">    <g transform=\"matrix(1,0,0,1,-8783,-5638)\">        <g id=\"Artboard1\" transform=\"matrix(0.356858,0,0,0.390568,5648.42,3435.76)\">            <rect x=\"8783.83\" y=\"5638.57\" width=\"58.38\" height=\"53.341\" style=\"fill:none;\"><\/rect>            <g transform=\"matrix(1.7661,0,0,1.69929,-6563.83,-3956.03)\">                <path d=\"M8707.16,5674.34L8719.59,5649.55L8693.75,5659.62L8706.42,5661.39L8707.16,5674.34Z\" style=\"fill:rgb(239,124,0);\"><\/path>            <\/g>        <\/g>    <\/g><\/svg>\t\t\t\t\t\t<\/span>\n\t\t\t\t\t\t\t\t\t\t<span class=\"elementor-icon-list-text\">A respectful and partnership-based work environment<\/span>\n\t\t\t\t\t\t\t\t\t<\/li>\n\t\t\t\t\t\t<\/ul>\n\t\t\t\t\t\t<\/div>\n\t\t\t\t<\/div>\n\t\t\t\t<\/div>\n\t\t\t\t<div class=\"elementor-element elementor-element-c7ab9b6 elementor-widget__width-inherit elementor-widget elementor-widget-at-heading\" data-id=\"c7ab9b6\" data-element_type=\"widget\" data-e-type=\"widget\" data-widget_type=\"at-heading.default\">\n\t\t\t\t<div class=\"elementor-widget-container\">\n\t\t\t\t\t\n        <div class=\"section-heading style-one\">\n\t\t\t\n\t\t\t\n\t\t\t                <div class=\"description wow fadeInUp\" data-wow-delay=\"0.5s\"><p>As a fast-growing transport company, we offer stable employment, real development opportunities, and a friendly workplace culture.\nWe\u2019re looking for motivated, responsible people ready to work in an international environment where every day brings new challenges and satisfaction from achieved goals.<\/p><\/div>\n\t\t\t        <\/div>\n\n\t\t\t\t\t\t<\/div>\n\t\t\t\t<\/div>\n\t\t<div class=\"elementor-element elementor-element-4fb8c6e e-con-full e-flex e-con e-child\" data-id=\"4fb8c6e\" data-element_type=\"container\" data-e-type=\"container\">\n\t\t\t\t<div class=\"elementor-element elementor-element-9435f3d elementor-widget elementor-widget-at-heading\" data-id=\"9435f3d\" data-element_type=\"widget\" data-e-type=\"widget\" data-widget_type=\"at-heading.default\">\n\t\t\t\t<div class=\"elementor-widget-container\">\n\t\t\t\t\t\n        <div class=\"section-heading style-one\">\n\t\t\t\n\t\t\t                <h2 class=\"section-title wow fadeInUp\" data-wow-delay=\"0.3s\">Interested in joining AIM Transport but don\u2019t see a suitable offer for you?\nGet in touch with us by filling in the form below.<\/h2>\n\t\t\t\n\t\t\t        <\/div>\n\n\t\t\t\t\t\t<\/div>\n\t\t\t\t<\/div>\n\t\t\t\t<\/div>\n\t\t<div class=\"elementor-element elementor-element-320d0e3 e-con-full e-flex e-con e-child\" data-id=\"320d0e3\" data-element_type=\"container\" data-e-type=\"container\">\n\t\t<div class=\"elementor-element elementor-element-01fee9e e-con-full e-flex e-con e-child\" data-id=\"01fee9e\" data-element_type=\"container\" data-e-type=\"container\">\n\t\t\t\t<div class=\"elementor-element elementor-element-335aaa6 elementor-widget elementor-widget-at-heading\" data-id=\"335aaa6\" data-element_type=\"widget\" data-e-type=\"widget\" data-widget_type=\"at-heading.default\">\n\t\t\t\t<div class=\"elementor-widget-container\">\n\t\t\t\t\t\n        <div class=\"section-heading style-one\">\n\t\t\t                <h5 class=\"subtitle wow fadeInUp\">Job offers:<\/h5>\n\t\t\t\n\t\t\t\n\t\t\t        <\/div>\n\n\t\t\t\t\t\t<\/div>\n\t\t\t\t<\/div>\n\t\t\t\t<div class=\"elementor-element elementor-element-3fadb6c elementor-widget elementor-widget-html\" data-id=\"3fadb6c\" data-element_type=\"widget\" data-e-type=\"widget\" data-widget_type=\"html.default\">\n\t\t\t\t\t<div style=\"border: 1px solid #ddd; padding: 20px; border-radius: 10px; font-family: Arial, sans-serif; max-width: 450px; margin: 20px auto;\">\r\n    <!-- Header section with logo and title -->\r\n    <div style=\"display: flex; align-items: center; gap: 15px; margin-bottom: 15px;\">\r\n        <img decoding=\"async\" src=\"https:\/\/aim-transport.pl\/wp-content\/uploads\/2025\/10\/AIM-transport-3.png\" alt=\"Lynx Cargo Logo\" style=\"width: 70px; height: auto;\">\r\n        <h2 style=\"margin: 0; font-size: 1.2rem; font-weight: bold; line-height: 1.3;\">\r\n            Kierowca C+E\r\n        <\/h2>\r\n    <\/div>\r\n\r\n    <!-- Job details -->\r\n    <ul style=\"list-style: none; padding: 0; margin: 0; font-size: 0.9rem; color: #555; line-height: 1.6;\">\r\n        <li><strong>Zakres:<\/strong> Unia Europejska<\/li>\r\n        <li><strong>Rodzaj umowy:<\/strong> Umowa o prac\u0119<\/li>\r\n        <li><strong>Wymiar czasu pracy:<\/strong> Pe\u0142ny etat<\/li>\r\n        <li><strong>Praca od: <\/strong>Zaraz<\/li>\r\n            <br>\r\n    <\/ul>\r\n\r\n    <!-- Button section -->\r\n    <div style=\"text-align: center; margin-top: 20px;\">\r\n        <a href=\"https:\/\/aim-transport.pl\/en\/oferty-pracy\/kierowca-ce\/\" style=\"text-decoration: none;\">\r\n            <button style=\"background-color: #0073e6; color: white; padding: 10px 20px; border: none; border-radius: 5px; cursor: pointer; font-size: 1rem; font-weight: bold;\">\r\n                Zobacz wi\u0119cej szczeg\u00f3\u0142\u00f3w\r\n            <\/button>\r\n        <\/a>\r\n    <\/div>\r\n<\/div>\r\n\t\t\t\t<\/div>\n\t\t\t\t<\/div>\n\t\t<div class=\"elementor-element elementor-element-17137e3 e-con-full e-flex e-con e-child\" data-id=\"17137e3\" data-element_type=\"container\" data-e-type=\"container\">\n\t\t\t\t<div class=\"elementor-element elementor-element-f371957 elementor-widget elementor-widget-at-contact-form\" data-id=\"f371957\" data-element_type=\"widget\" data-e-type=\"widget\" data-widget_type=\"at-contact-form.default\">\n\t\t\t\t<div class=\"elementor-widget-container\">\n\t\t\t\t\t        <div class=\"contact-form contact-form-boxed contact-form-7\">\n\t\t\t\n<div class=\"wpcf7 no-js\" id=\"wpcf7-f1903-o1\" lang=\"en-US\" dir=\"ltr\" data-wpcf7-id=\"1903\">\n<div class=\"screen-reader-response\"><p role=\"status\" aria-live=\"polite\" aria-atomic=\"true\"><\/p> <ul><\/ul><\/div>\n<form action=\"\/en\/wp-json\/wp\/v2\/pages\/1879#wpcf7-f1903-o1\" method=\"post\" class=\"wpcf7-form init\" aria-label=\"Contact form\" enctype=\"multipart\/form-data\" novalidate=\"novalidate\" data-status=\"init\" data-trp-original-action=\"\/en\/wp-json\/wp\/v2\/pages\/1879#wpcf7-f1903-o1\">\n<fieldset class=\"hidden-fields-container\"><input type=\"hidden\" name=\"_wpcf7\" value=\"1903\" \/><input type=\"hidden\" name=\"_wpcf7_version\" value=\"6.1.5\" \/><input type=\"hidden\" name=\"_wpcf7_locale\" value=\"en_US\" \/><input type=\"hidden\" name=\"_wpcf7_unit_tag\" value=\"wpcf7-f1903-o1\" \/><input type=\"hidden\" name=\"_wpcf7_container_post\" value=\"0\" \/><input type=\"hidden\" name=\"_wpcf7_posted_data_hash\" value=\"\" \/>\n<\/fieldset>\n<div class=\"row\">\n\t<div class=\"col-md-6\">\n\t\t<p><span class=\"wpcf7-form-control-wrap\" data-name=\"your-name\"><input size=\"40\" maxlength=\"400\" class=\"wpcf7-form-control wpcf7-text wpcf7-validates-as-required\" aria-required=\"true\" aria-invalid=\"false\" placeholder=\"Your name*\" value=\"\" type=\"text\" name=\"your-name\" \/><\/span>\n\t\t<\/p>\n\t<\/div>\n\t<div class=\"col-md-6\">\n\t\t<p><span class=\"wpcf7-form-control-wrap\" data-name=\"your-email\"><input size=\"40\" maxlength=\"400\" class=\"wpcf7-form-control wpcf7-email wpcf7-validates-as-required wpcf7-text wpcf7-validates-as-email\" aria-required=\"true\" aria-invalid=\"false\" placeholder=\"E-mail*\" value=\"\" type=\"email\" name=\"your-email\" \/><\/span>\n\t\t<\/p>\n\t<\/div>\n\t<div class=\"col-md-12\">\n\t\t<p><span class=\"wpcf7-form-control-wrap\" data-name=\"text-150\"><input size=\"40\" maxlength=\"400\" class=\"wpcf7-form-control wpcf7-text wpcf7-validates-as-required\" aria-required=\"true\" aria-invalid=\"false\" placeholder=\"Your number phone*\" value=\"\" type=\"text\" name=\"text-150\" \/><\/span>\n\t\t<\/p>\n\t<\/div>\n\t<div class=\"col-md-12\">\n\t\t<p><span class=\"wpcf7-form-control-wrap\" data-name=\"your-message\"><textarea cols=\"40\" rows=\"10\" maxlength=\"2000\" class=\"wpcf7-form-control wpcf7-textarea wpcf7-validates-as-required\" aria-required=\"true\" aria-invalid=\"false\" placeholder=\"Write your message...\" name=\"your-message\"><\/textarea><\/span>\n\t\t<\/p>\n\t<\/div>\n\t<div class=\"col-md-12\">\n\t\t<p>Twoje CV<br \/>\n<span class=\"wpcf7-form-control-wrap\" data-name=\"your-file\"><input size=\"40\" class=\"wpcf7-form-control wpcf7-file\" accept=\".pdf,.txt\" aria-invalid=\"false\" type=\"file\" name=\"your-file\" \/><\/span>\n\t\t<\/p>\n\t<\/div>\n\t<div class=\"col-md-12\">\n\t\t<p><button type='submit' class='at-btn'> Send <i class=\"fa-solid fa-arrow-right\"><\/i> <\/button>\n\t\t<\/p>\n\t<\/div>\n<\/div><div class=\"wpcf7-response-output\" aria-hidden=\"true\"><\/div>\n<input type=\"hidden\" name=\"trp-form-language\" value=\"en\"\/><\/form>\n<\/div>\n\n        <\/div>\n\t\t\t\t\t\t<\/div>\n\t\t\t\t<\/div>\n\t\t\t\t<\/div>\n\t\t\t\t<\/div>\n\t\t\t\t<\/div>\n\t\t\t\t\t<\/div>\n\t\t\t\t<\/div>\n\t\t\t\t<\/div>","protected":false},"excerpt":{"rendered":"<p>Do\u0142\u0105cz do zespo\u0142u, kt\u00f3ry nap\u0119dza europejski transport Jeste\u015bmy firm\u0105 otwart\u0105 na partnerstwo Naszym celem jest profesjonalizm i wzajemne zaufanie. Wierzymy, \u017ce za ka\u017cdym udanym transportem stoi zgrany zesp\u00f3\u0142: kierowc\u00f3w, dyspozytor\u00f3w, spedytor\u00f3w i specjalist\u00f3w, kt\u00f3rzy razem dbaj\u0105 o to, by ka\u017cdy \u0142adunek dotar\u0142 bezpiecznie i na czas.\u00a0 Dlaczego warto z nami pracowa\u0107? Stabilno\u015b\u0107 i przejrzyste zasady [&hellip;]<\/p>\n","protected":false},"author":1,"featured_media":0,"parent":0,"menu_order":0,"comment_status":"closed","ping_status":"closed","template":"","meta":{"footnotes":""},"class_list":["post-1879","page","type-page","status-publish","hentry"],"_links":{"self":[{"href":"https:\/\/aim-transport.pl\/en\/wp-json\/wp\/v2\/pages\/1879","targetHints":{"allow":["GET"]}}],"collection":[{"href":"https:\/\/aim-transport.pl\/en\/wp-json\/wp\/v2\/pages"}],"about":[{"href":"https:\/\/aim-transport.pl\/en\/wp-json\/wp\/v2\/types\/page"}],"author":[{"embeddable":true,"href":"https:\/\/aim-transport.pl\/en\/wp-json\/wp\/v2\/users\/1"}],"replies":[{"embeddable":true,"href":"https:\/\/aim-transport.pl\/en\/wp-json\/wp\/v2\/comments?post=1879"}],"version-history":[{"count":49,"href":"https:\/\/aim-transport.pl\/en\/wp-json\/wp\/v2\/pages\/1879\/revisions"}],"predecessor-version":[{"id":2125,"href":"https:\/\/aim-transport.pl\/en\/wp-json\/wp\/v2\/pages\/1879\/revisions\/2125"}],"wp:attachment":[{"href":"https:\/\/aim-transport.pl\/en\/wp-json\/wp\/v2\/media?parent=1879"}],"curies":[{"name":"wp","href":"https:\/\/api.w.org\/{rel}","templated":true}]}}