{"id":771,"date":"2024-09-04T09:56:41","date_gmt":"2024-09-04T09:56:41","guid":{"rendered":"https:\/\/wp.xcodexe.com\/tavio\/?page_id=771"},"modified":"2025-10-09T10:38:59","modified_gmt":"2025-10-09T08:38:59","slug":"o-nas","status":"publish","type":"page","link":"https:\/\/aim-transport.pl\/en\/o-nas\/","title":{"rendered":"About us"},"content":{"rendered":"<div data-elementor-type=\"wp-page\" data-elementor-id=\"771\" class=\"elementor elementor-771\">\n\t\t\t\t<div class=\"elementor-element elementor-element-7f0a2c2 e-flex e-con-boxed e-con e-parent\" data-id=\"7f0a2c2\" data-element_type=\"container\" data-e-type=\"container\">\n\t\t\t\t\t<div class=\"e-con-inner\">\n\t\t<div class=\"elementor-element elementor-element-fcdd32e e-con-full e-flex e-con e-child\" data-id=\"fcdd32e\" data-element_type=\"container\" data-e-type=\"container\">\n\t\t\t\t<div class=\"elementor-element elementor-element-d9a7dca elementor-widget elementor-widget-at-heading\" data-id=\"d9a7dca\" data-element_type=\"widget\" data-e-type=\"widget\" data-widget_type=\"at-heading.default\">\n\t\t\t\t<div class=\"elementor-widget-container\">\n\t\t\t\t\t\n        <div class=\"section-heading style-one\">\n\t\t\t\n\t\t\t                <h2 class=\"section-title wow fadeInUp\" data-wow-delay=\"0.3s\">Who We Are<\/h2>\n\t\t\t\n\t\t\t                <div class=\"description wow fadeInUp\" data-wow-delay=\"0.5s\"><p>We are a transport company specializing in international road transport within the European Union.\nSince day one, we have focused on quality, reliability, and the safety of deliveries, building long-term relationships with our clients and business Partners.<\/p><p>We operate a modern fleet of refrigerated trucks with a gross capacity of up to 22.5 tons, allowing us to transport goods at controlled temperatures from -25\u00b0C to +25\u00b0C.\nWe handle both full truckload (FTL) transport and additional logistics services in Poland, including warehousing, cross-docking, labelling, quality control, and distribution using dedicated vehicles. We also offer pallet exchange services.<\/p><\/div>\n\t\t\t        <\/div>\n\n\t\t\t\t\t\t<\/div>\n\t\t\t\t<\/div>\n\t\t\t\t<\/div>\n\t\t<div class=\"elementor-element elementor-element-9ad5f3c e-con-full e-flex e-con e-child\" data-id=\"9ad5f3c\" data-element_type=\"container\" data-e-type=\"container\">\n\t\t\t\t<div class=\"elementor-element elementor-element-5adaa17 elementor-widget elementor-widget-at-image\" data-id=\"5adaa17\" data-element_type=\"widget\" data-e-type=\"widget\" data-widget_type=\"at-image.default\">\n\t\t\t\t<div class=\"elementor-widget-container\">\n\t\t\t\t\t\t\t<div class=\"tavio_image_box\">\n\t\t\t<div class=\"single_image\">\n\t\t\t\t<img fetchpriority=\"high\" decoding=\"async\" width=\"290\" height=\"295\" src=\"https:\/\/aim-transport.pl\/wp-content\/uploads\/2025\/10\/O-nas_2.png\" class=\"attachment-large size-large wp-image-1491\" alt=\"\" \/>\t\t\t<\/div>\n\t\t<\/div>\n\n        \t\t\t\t<\/div>\n\t\t\t\t<\/div>\n\t\t\t\t<div class=\"elementor-element elementor-element-fb66967 elementor-widget__width-initial elementor-widget elementor-widget-at-image\" data-id=\"fb66967\" data-element_type=\"widget\" data-e-type=\"widget\" data-widget_type=\"at-image.default\">\n\t\t\t\t<div class=\"elementor-widget-container\">\n\t\t\t\t\t\t\t<div class=\"tavio_image_box\">\n\t\t\t<div class=\"single_image\">\n\t\t\t\t<img decoding=\"async\" width=\"472\" height=\"506\" src=\"https:\/\/aim-transport.pl\/wp-content\/uploads\/2025\/10\/O-nas_1.png\" class=\"attachment-large size-large wp-image-1490\" alt=\"\" srcset=\"https:\/\/aim-transport.pl\/wp-content\/uploads\/2025\/10\/O-nas_1.png 472w, https:\/\/aim-transport.pl\/wp-content\/uploads\/2025\/10\/O-nas_1-280x300.png 280w\" sizes=\"(max-width: 472px) 100vw, 472px\" \/>\t\t\t<\/div>\n\t\t<\/div>\n\n        \t\t\t\t<\/div>\n\t\t\t\t<\/div>\n\t\t\t\t<div class=\"elementor-element elementor-element-82926fc elementor-hidden-tablet elementor-hidden-mobile elementor-widget elementor-widget-at-shape-box\" data-id=\"82926fc\" data-element_type=\"widget\" data-e-type=\"widget\" data-widget_type=\"at-shape-box.default\">\n\t\t\t\t<div class=\"elementor-widget-container\">\n\t\t\t\t\t\n        <div class=\"tavio_shape_box\">\n            <div class=\"shape\">\n                <img decoding=\"async\" width=\"175\" height=\"23\" src=\"https:\/\/aim-transport.pl\/wp-content\/uploads\/2024\/09\/about-shape.png\" class=\"attachment-large size-large wp-image-741\" alt=\"\" \/>            <\/div>\n        <\/div>\n\n\n        \t\t\t\t<\/div>\n\t\t\t\t<\/div>\n\t\t\t\t<div class=\"elementor-element elementor-element-7142a7a elementor-widget elementor-widget-at-image\" data-id=\"7142a7a\" data-element_type=\"widget\" data-e-type=\"widget\" data-widget_type=\"at-image.default\">\n\t\t\t\t<div class=\"elementor-widget-container\">\n\t\t\t\t\t\t\t<div class=\"tavio_image_box\">\n\t\t\t<div class=\"single_image\">\n\t\t\t\t<img loading=\"lazy\" decoding=\"async\" width=\"310\" height=\"226\" src=\"https:\/\/aim-transport.pl\/wp-content\/uploads\/2025\/10\/O-nas_3.png\" class=\"attachment-large size-large wp-image-1492\" alt=\"\" srcset=\"https:\/\/aim-transport.pl\/wp-content\/uploads\/2025\/10\/O-nas_3.png 310w, https:\/\/aim-transport.pl\/wp-content\/uploads\/2025\/10\/O-nas_3-300x219.png 300w\" sizes=\"(max-width: 310px) 100vw, 310px\" \/>\t\t\t<\/div>\n\t\t<\/div>\n\n        \t\t\t\t<\/div>\n\t\t\t\t<\/div>\n\t\t\t\t<\/div>\n\t\t\t\t\t<\/div>\n\t\t\t\t<\/div>\n\t\t<div class=\"elementor-element elementor-element-7f281b4 e-flex e-con-boxed e-con e-parent\" data-id=\"7f281b4\" data-element_type=\"container\" data-e-type=\"container\" data-settings=\"{&quot;background_background&quot;:&quot;classic&quot;}\">\n\t\t\t\t\t<div class=\"e-con-inner\">\n\t\t<div class=\"elementor-element elementor-element-d701050 e-con-full e-flex e-con e-child\" data-id=\"d701050\" data-element_type=\"container\" data-e-type=\"container\" data-settings=\"{&quot;animation&quot;:&quot;none&quot;}\">\n\t\t\t\t<div class=\"elementor-element elementor-element-043c0e4 elementor-widget__width-initial elementor-widget elementor-widget-at-image\" data-id=\"043c0e4\" data-element_type=\"widget\" data-e-type=\"widget\" data-widget_type=\"at-image.default\">\n\t\t\t\t<div class=\"elementor-widget-container\">\n\t\t\t\t\t\t\t<div class=\"tavio_image_box\">\n\t\t\t<div class=\"single_image\">\n\t\t\t\t<img loading=\"lazy\" decoding=\"async\" width=\"680\" height=\"506\" src=\"https:\/\/aim-transport.pl\/wp-content\/uploads\/2025\/10\/O-nas_4.png\" class=\"attachment-large size-large wp-image-1515\" alt=\"\" srcset=\"https:\/\/aim-transport.pl\/wp-content\/uploads\/2025\/10\/O-nas_4.png 680w, https:\/\/aim-transport.pl\/wp-content\/uploads\/2025\/10\/O-nas_4-300x223.png 300w\" sizes=\"(max-width: 680px) 100vw, 680px\" \/>\t\t\t<\/div>\n\t\t<\/div>\n\n        \t\t\t\t<\/div>\n\t\t\t\t<\/div>\n\t\t\t\t<\/div>\n\t\t<div class=\"elementor-element elementor-element-a86f2e1 e-con-full e-flex e-con e-child\" data-id=\"a86f2e1\" data-element_type=\"container\" data-e-type=\"container\">\n\t\t\t\t<div class=\"elementor-element elementor-element-6a62f49 elementor-widget elementor-widget-at-heading\" data-id=\"6a62f49\" data-element_type=\"widget\" data-e-type=\"widget\" data-widget_type=\"at-heading.default\">\n\t\t\t\t<div class=\"elementor-widget-container\">\n\t\t\t\t\t\n        <div class=\"section-heading style-one\">\n\t\t\t\n\t\t\t                <h2 class=\"section-title wow fadeInUp\" data-wow-delay=\"0.3s\">Professionalism and Flexibility in Action<\/h2>\n\t\t\t\n\t\t\t                <div class=\"description wow fadeInUp\" data-wow-delay=\"0.5s\"><p>Our daily operations are based on professionalism and flexibility.\nWe regularly serve key markets across Europe and provide on-demand (SPOT) transport support wherever needed.\nWe understand the requirements of retail chains and know how to support our clients effectively in their everyday challenges.<\/p><\/div>\n\t\t\t        <\/div>\n\n\t\t\t\t\t\t<\/div>\n\t\t\t\t<\/div>\n\t\t\t\t<\/div>\n\t\t\t\t\t<\/div>\n\t\t\t\t<\/div>\n\t\t<div class=\"elementor-element elementor-element-d4d537a e-flex e-con-boxed e-con e-parent\" data-id=\"d4d537a\" data-element_type=\"container\" data-e-type=\"container\" data-settings=\"{&quot;background_background&quot;:&quot;classic&quot;}\">\n\t\t\t\t\t<div class=\"e-con-inner\">\n\t\t<div class=\"elementor-element elementor-element-2b4a436 e-con-full e-flex e-con e-child\" data-id=\"2b4a436\" data-element_type=\"container\" data-e-type=\"container\">\n\t\t\t\t<div class=\"elementor-element elementor-element-df11784 elementor-widget elementor-widget-at-heading\" data-id=\"df11784\" data-element_type=\"widget\" data-e-type=\"widget\" data-widget_type=\"at-heading.default\">\n\t\t\t\t<div class=\"elementor-widget-container\">\n\t\t\t\t\t\n        <div class=\"section-heading style-one\">\n\t\t\t                <h5 class=\"subtitle wow fadeInUp\"><div class='circle_bar bottom_bar'><\/div><i class='flaticon flaticon-truck'><\/i>WHY AIM TRANSPORT<\/h5>\n\t\t\t\n\t\t\t                <h2 class=\"section-title wow fadeInUp has-left-bar\" data-wow-delay=\"0.3s\">Our Clients\u2019 Success Is Our Success<\/h2>\n\t\t\t\n\t\t\t                <div class=\"description wow fadeInUp\" data-wow-delay=\"0.5s\"><p>Every day, we strive to deliver transport and logistics solutions that genuinely support business growth.<\/p><\/div>\n\t\t\t        <\/div>\n\n\t\t\t\t\t\t<\/div>\n\t\t\t\t<\/div>\n\t\t\t\t<\/div>\n\t\t<div class=\"elementor-element elementor-element-44868bd e-con-full e-flex e-con e-child\" data-id=\"44868bd\" data-element_type=\"container\" data-e-type=\"container\">\n\t\t\t\t<div class=\"elementor-element elementor-element-d3f0713 elementor-widget__width-initial elementor-widget elementor-widget-at-icon-box\" data-id=\"d3f0713\" data-element_type=\"widget\" data-e-type=\"widget\" data-widget_type=\"at-icon-box.default\">\n\t\t\t\t<div class=\"elementor-widget-container\">\n\t\t\t\t\t\n\t\t\n\t\t\t<div class=\"icon-box icon-style-eight\">\n\n\t\t\t\t\t\t\t\t\t\t\t<div class=\"icon-box-icon\">\n\t\t\t\t\t<i class=\"flaticon flaticon-shield\"><\/i>\n\t\t\t\t<\/div>\n\t\t\t\t\n\t\t\t\t<div class=\"icon-box-content\">\n\t\t\t\t\t\t\t\t\t\t<div class=\"icon-box-title\" >\n\t\t\t\t\t\t<h2>Complete control and safety<\/h2>\n\t\t\t\t\t<\/div>\n\n\t\t\t\t\t<div class=\"icon-box-desc\" >\n\t\t\t\t\t\t<p>We check before anyone else does.<\/p>\n\t\t\t\t\t<\/div>\n\n\t\t\t\t\t\n\t\t\t\t<\/div><!-- .icon-box-content -->\n\t\t\t<\/div><!-- .icon-box .icon-style-eight -->\n\n\t\t\t\t\t\t<\/div>\n\t\t\t\t<\/div>\n\t\t\t\t<div class=\"elementor-element elementor-element-b06b451 elementor-widget__width-initial elementor-widget elementor-widget-at-icon-box\" data-id=\"b06b451\" data-element_type=\"widget\" data-e-type=\"widget\" data-widget_type=\"at-icon-box.default\">\n\t\t\t\t<div class=\"elementor-widget-container\">\n\t\t\t\t\t\n\t\t\n\t\t\t<div class=\"icon-box icon-style-eight\">\n\n\t\t\t\t\t\t\t\t\t\t\t<div class=\"icon-box-icon\">\n\t\t\t\t\t<i class=\"flaticon flaticon-refresh\"><\/i>\n\t\t\t\t<\/div>\n\t\t\t\t\n\t\t\t\t<div class=\"icon-box-content\">\n\t\t\t\t\t\t\t\t\t\t<div class=\"icon-box-title\" >\n\t\t\t\t\t\t<h2>Proactivity<\/h2>\n\t\t\t\t\t<\/div>\n\n\t\t\t\t\t<div class=\"icon-box-desc\" >\n\t\t\t\t\t\t<p>Fast response to any change in your supply chain.<\/p>\n\t\t\t\t\t<\/div>\n\n\t\t\t\t\t\n\t\t\t\t<\/div><!-- .icon-box-content -->\n\t\t\t<\/div><!-- .icon-box .icon-style-eight -->\n\n\t\t\t\t\t\t<\/div>\n\t\t\t\t<\/div>\n\t\t\t\t<div class=\"elementor-element elementor-element-b7addbd elementor-widget__width-initial elementor-widget elementor-widget-at-icon-box\" data-id=\"b7addbd\" data-element_type=\"widget\" data-e-type=\"widget\" data-widget_type=\"at-icon-box.default\">\n\t\t\t\t<div class=\"elementor-widget-container\">\n\t\t\t\t\t\n\t\t\n\t\t\t<div class=\"icon-box icon-style-eight\">\n\n\t\t\t\t\t\t\t\t\t\t\t<div class=\"icon-box-icon\">\n\t\t\t\t\t<i class=\"flaticon flaticon-support-2\"><\/i>\n\t\t\t\t<\/div>\n\t\t\t\t\n\t\t\t\t<div class=\"icon-box-content\">\n\t\t\t\t\t\t\t\t\t\t<div class=\"icon-box-title\" >\n\t\t\t\t\t\t<h2>24\/7 availability<\/h2>\n\t\t\t\t\t<\/div>\n\n\t\t\t\t\t<div class=\"icon-box-desc\" >\n\t\t\t\t\t\t<p>Personalized approach to every Client and Carrier.<\/p>\n\t\t\t\t\t<\/div>\n\n\t\t\t\t\t\n\t\t\t\t<\/div><!-- .icon-box-content -->\n\t\t\t<\/div><!-- .icon-box .icon-style-eight -->\n\n\t\t\t\t\t\t<\/div>\n\t\t\t\t<\/div>\n\t\t\t\t<div class=\"elementor-element elementor-element-f18a66b elementor-widget__width-initial elementor-widget elementor-widget-at-icon-box\" data-id=\"f18a66b\" data-element_type=\"widget\" data-e-type=\"widget\" data-widget_type=\"at-icon-box.default\">\n\t\t\t\t<div class=\"elementor-widget-container\">\n\t\t\t\t\t\n\t\t\n\t\t\t<div class=\"icon-box icon-style-eight\">\n\n\t\t\t\t\t\t\t\t\t\t\t<div class=\"icon-box-icon\">\n\t\t\t\t\t<i class=\"flaticon flaticon-book-1\"><\/i>\n\t\t\t\t<\/div>\n\t\t\t\t\n\t\t\t\t<div class=\"icon-box-content\">\n\t\t\t\t\t\t\t\t\t\t<div class=\"icon-box-title\" >\n\t\t\t\t\t\t<h2>Stability<\/h2>\n\t\t\t\t\t<\/div>\n\n\t\t\t\t\t<div class=\"icon-box-desc\" >\n\t\t\t\t\t\t<p>Trust built on years of experience.<\/p>\n\t\t\t\t\t<\/div>\n\n\t\t\t\t\t\n\t\t\t\t<\/div><!-- .icon-box-content -->\n\t\t\t<\/div><!-- .icon-box .icon-style-eight -->\n\n\t\t\t\t\t\t<\/div>\n\t\t\t\t<\/div>\n\t\t\t\t<div class=\"elementor-element elementor-element-bb5b561 elementor-widget__width-initial elementor-widget elementor-widget-at-icon-box\" data-id=\"bb5b561\" data-element_type=\"widget\" data-e-type=\"widget\" data-widget_type=\"at-icon-box.default\">\n\t\t\t\t<div class=\"elementor-widget-container\">\n\t\t\t\t\t\n\t\t\n\t\t\t<div class=\"icon-box icon-style-eight\">\n\n\t\t\t\t\t\t\t\t\t\t\t<div class=\"icon-box-icon\">\n\t\t\t\t\t<i class=\"flaticon flaticon-adjust\"><\/i>\n\t\t\t\t<\/div>\n\t\t\t\t\n\t\t\t\t<div class=\"icon-box-content\">\n\t\t\t\t\t\t\t\t\t\t<div class=\"icon-box-title\" >\n\t\t\t\t\t\t<h2>Flexible cooperation models<\/h2>\n\t\t\t\t\t<\/div>\n\n\t\t\t\t\t<div class=\"icon-box-desc\" >\n\t\t\t\t\t\t<p>From ad-hoc support to long-term contracts.<\/p>\n\t\t\t\t\t<\/div>\n\n\t\t\t\t\t\n\t\t\t\t<\/div><!-- .icon-box-content -->\n\t\t\t<\/div><!-- .icon-box .icon-style-eight -->\n\n\t\t\t\t\t\t<\/div>\n\t\t\t\t<\/div>\n\t\t\t\t<\/div>\n\t\t\t\t\t<\/div>\n\t\t\t\t<\/div>\n\t\t\t\t<\/div>","protected":false},"excerpt":{"rendered":"<p>Kim jeste\u015bmy? Jeste\u015bmy firm\u0105 transportow\u0105 specjalizuj\u0105c\u0105 si\u0119 w mi\u0119dzynarodowym transporcie drogowym na terenie Unii Europejskiej. Od pocz\u0105tku naszej dzia\u0142alno\u015bci koncentrujemy si\u0119 na jako\u015bci, niezawodno\u015bci i bezpiecze\u0144stwie dostaw, buduj\u0105c d\u0142ugofalowe relacje z Klientami i Partnerami biznesowymi. Dysponujemy nowoczesn\u0105 flot\u0105 zestaw\u00f3w ch\u0142odniczych o \u0142adowno\u015bci do 22,5 tony brutto, dzi\u0119ki czemu realizujemy przewozy towar\u00f3w w kontrolowanej temperaturze od [&hellip;]<\/p>\n","protected":false},"author":1,"featured_media":0,"parent":0,"menu_order":0,"comment_status":"closed","ping_status":"closed","template":"elementor_header_footer","meta":{"footnotes":""},"class_list":["post-771","page","type-page","status-publish","hentry"],"_links":{"self":[{"href":"https:\/\/aim-transport.pl\/en\/wp-json\/wp\/v2\/pages\/771","targetHints":{"allow":["GET"]}}],"collection":[{"href":"https:\/\/aim-transport.pl\/en\/wp-json\/wp\/v2\/pages"}],"about":[{"href":"https:\/\/aim-transport.pl\/en\/wp-json\/wp\/v2\/types\/page"}],"author":[{"embeddable":true,"href":"https:\/\/aim-transport.pl\/en\/wp-json\/wp\/v2\/users\/1"}],"replies":[{"embeddable":true,"href":"https:\/\/aim-transport.pl\/en\/wp-json\/wp\/v2\/comments?post=771"}],"version-history":[{"count":72,"href":"https:\/\/aim-transport.pl\/en\/wp-json\/wp\/v2\/pages\/771\/revisions"}],"predecessor-version":[{"id":2090,"href":"https:\/\/aim-transport.pl\/en\/wp-json\/wp\/v2\/pages\/771\/revisions\/2090"}],"wp:attachment":[{"href":"https:\/\/aim-transport.pl\/en\/wp-json\/wp\/v2\/media?parent=771"}],"curies":[{"name":"wp","href":"https:\/\/api.w.org\/{rel}","templated":true}]}}