{"id":860,"date":"2024-09-04T10:48:34","date_gmt":"2024-09-04T10:48:34","guid":{"rendered":"https:\/\/wp.xcodexe.com\/tavio\/?page_id=860"},"modified":"2025-10-17T08:56:39","modified_gmt":"2025-10-17T06:56:39","slug":"kontakt","status":"publish","type":"page","link":"https:\/\/aim-transport.pl\/en\/kontakt\/","title":{"rendered":"Contact"},"content":{"rendered":"<div data-elementor-type=\"wp-page\" data-elementor-id=\"860\" class=\"elementor elementor-860\">\n\t\t\t\t<div class=\"elementor-element elementor-element-7349fe1 e-flex e-con-boxed e-con e-parent\" data-id=\"7349fe1\" data-element_type=\"container\" data-e-type=\"container\">\n\t\t\t\t\t<div class=\"e-con-inner\">\n\t\t<div class=\"elementor-element elementor-element-5f98ca8 e-con-full e-flex e-con e-child\" data-id=\"5f98ca8\" data-element_type=\"container\" data-e-type=\"container\">\n\t\t\t\t<div class=\"elementor-element elementor-element-68a4f1d elementor-widget elementor-widget-at-heading\" data-id=\"68a4f1d\" data-element_type=\"widget\" data-e-type=\"widget\" data-widget_type=\"at-heading.default\">\n\t\t\t\t<div class=\"elementor-widget-container\">\n\t\t\t\t\t\n        <div class=\"section-heading style-one\">\n\t\t\t\n\t\t\t                <h2 class=\"section-title wow fadeInUp\" data-wow-delay=\"0.3s\">Get in Touch with Us<\/h2>\n\t\t\t\n\t\t\t                <div class=\"description wow fadeInUp\" data-wow-delay=\"0.5s\"><p>We\u2019re available 24\/7, operate flexibly, and are always focused on your success.<\/p><\/div>\n\t\t\t        <\/div>\n\n\t\t\t\t\t\t<\/div>\n\t\t\t\t<\/div>\n\t\t\t\t<div class=\"elementor-element elementor-element-2744ce7 elementor-widget elementor-widget-at-icon-box\" data-id=\"2744ce7\" data-element_type=\"widget\" data-e-type=\"widget\" data-widget_type=\"at-icon-box.default\">\n\t\t\t\t<div class=\"elementor-widget-container\">\n\t\t\t\t\t\n\t\t\n\t\t\t<div class=\"icon-box icon-style-eight\">\n\n\t\t\t\t\t\t\t\t\t\t\t<div class=\"icon-box-icon\">\n\t\t\t\t\t<i class=\"flaticon flaticon-phone\"><\/i>\n\t\t\t\t<\/div>\n\t\t\t\t\n\t\t\t\t<div class=\"icon-box-content\">\n\t\t\t\t\t\t\t\t\t\t<div class=\"icon-box-title\" >\n\t\t\t\t\t\t<h2>Number phone<\/h2>\n\t\t\t\t\t<\/div>\n\n\t\t\t\t\t<div class=\"icon-box-desc\" >\n\t\t\t\t\t\t<p><a href='tel:+48 880 140 007'>+48 880 140 007<\/a><\/p>\n\t\t\t\t\t<\/div>\n\n\t\t\t\t\t\n\t\t\t\t<\/div><!-- .icon-box-content -->\n\t\t\t<\/div><!-- .icon-box .icon-style-eight -->\n\n\t\t\t\t\t\t<\/div>\n\t\t\t\t<\/div>\n\t\t\t\t<div class=\"elementor-element elementor-element-382b60b elementor-widget elementor-widget-at-icon-box\" data-id=\"382b60b\" data-element_type=\"widget\" data-e-type=\"widget\" data-widget_type=\"at-icon-box.default\">\n\t\t\t\t<div class=\"elementor-widget-container\">\n\t\t\t\t\t\n\t\t\n\t\t\t<div class=\"icon-box icon-style-eight\">\n\n\t\t\t\t\t\t\t\t\t\t\t<div class=\"icon-box-icon\">\n\t\t\t\t\t<i class=\"flaticon flaticon-mail\"><\/i>\n\t\t\t\t<\/div>\n\t\t\t\t\n\t\t\t\t<div class=\"icon-box-content\">\n\t\t\t\t\t\t\t\t\t\t<div class=\"icon-box-title\" >\n\t\t\t\t\t\t<h2>E-mail<\/h2>\n\t\t\t\t\t<\/div>\n\n\t\t\t\t\t<div class=\"icon-box-desc\" >\n\t\t\t\t\t\t<p><a href='mailto:info@aim-transport.pl'>info@aim-transport.pl<\/a><\/p>\n\t\t\t\t\t<\/div>\n\n\t\t\t\t\t\n\t\t\t\t<\/div><!-- .icon-box-content -->\n\t\t\t<\/div><!-- .icon-box .icon-style-eight -->\n\n\t\t\t\t\t\t<\/div>\n\t\t\t\t<\/div>\n\t\t\t\t<div class=\"elementor-element elementor-element-220c127 elementor-widget elementor-widget-at-icon-box\" data-id=\"220c127\" data-element_type=\"widget\" data-e-type=\"widget\" data-widget_type=\"at-icon-box.default\">\n\t\t\t\t<div class=\"elementor-widget-container\">\n\t\t\t\t\t\n\t\t\n\t\t\t<div class=\"icon-box icon-style-eight\">\n\n\t\t\t\t\t\t\t\t\t\t\t<div class=\"icon-box-icon\">\n\t\t\t\t\t<i class=\"flaticon flaticon-map\"><\/i>\n\t\t\t\t<\/div>\n\t\t\t\t\n\t\t\t\t<div class=\"icon-box-content\">\n\t\t\t\t\t\t\t\t\t\t<div class=\"icon-box-title\" >\n\t\t\t\t\t\t<h2>Address<\/h2>\n\t\t\t\t\t<\/div>\n\n\t\t\t\t\t<div class=\"icon-box-desc\" >\n\t\t\t\t\t\t<p>Aleja Solidarno\u015bci 34, 25-323 Kielce, Poland<\/p>\n\t\t\t\t\t<\/div>\n\n\t\t\t\t\t\n\t\t\t\t<\/div><!-- .icon-box-content -->\n\t\t\t<\/div><!-- .icon-box .icon-style-eight -->\n\n\t\t\t\t\t\t<\/div>\n\t\t\t\t<\/div>\n\t\t\t\t<div class=\"elementor-element elementor-element-c915322 elementor-widget elementor-widget-at-icon-box\" data-id=\"c915322\" data-element_type=\"widget\" data-e-type=\"widget\" data-widget_type=\"at-icon-box.default\">\n\t\t\t\t<div class=\"elementor-widget-container\">\n\t\t\t\t\t\n\t\t\n\t\t\t<div class=\"icon-box icon-style-eight\">\n\n\t\t\t\t\t\t\t\t\t\t\t<div class=\"icon-box-icon\">\n\t\t\t\t\t<i class=\"far fa-list-alt\"><\/i>\n\t\t\t\t<\/div>\n\t\t\t\t\n\t\t\t\t<div class=\"icon-box-content\">\n\t\t\t\t\t\t\t\t\t\t<div class=\"icon-box-title\" >\n\t\t\t\t\t\t<h2>Company details<\/h2>\n\t\t\t\t\t<\/div>\n\n\t\t\t\t\t<div class=\"icon-box-desc\" >\n\t\t\t\t\t\t<p>AIM Transport sp. z o.o.<br>\nAleja Solidarno\u015bci 34<br>\n25-323 Kielce, Polska<br>\n<br>\nTax ID: 657-299-42-23<br>\nREGON: 540377962<br>\nKRS: 0001142970<\/p>\n\t\t\t\t\t<\/div>\n\n\t\t\t\t\t\n\t\t\t\t<\/div><!-- .icon-box-content -->\n\t\t\t<\/div><!-- .icon-box .icon-style-eight -->\n\n\t\t\t\t\t\t<\/div>\n\t\t\t\t<\/div>\n\t\t\t\t<\/div>\n\t\t<div class=\"elementor-element elementor-element-fca803a e-con-full e-flex e-con e-child\" data-id=\"fca803a\" data-element_type=\"container\" data-e-type=\"container\">\n\t\t\t\t<div class=\"elementor-element elementor-element-8b5a5b5 elementor-widget elementor-widget-google_maps\" data-id=\"8b5a5b5\" data-element_type=\"widget\" data-e-type=\"widget\" data-widget_type=\"google_maps.default\">\n\t\t\t\t\t\t\t<div class=\"elementor-custom-embed\">\n\t\t\t<iframe loading=\"lazy\"\n\t\t\t\t\tsrc=\"https:\/\/maps.google.com\/maps?q=Aleja%20Solidarno%C5%9Bci%2034%2C%2025-323%20Kielce&#038;t=m&#038;z=10&#038;output=embed&#038;iwloc=near\"\n\t\t\t\t\ttitle=\"Aleja Solidarno\u015bci 34, 25-323 Kielce\"\n\t\t\t\t\taria-label=\"Aleja Solidarno\u015bci 34, 25-323 Kielce\"\n\t\t\t><\/iframe>\n\t\t<\/div>\n\t\t\t\t\t\t<\/div>\n\t\t\t\t<\/div>\n\t\t\t\t\t<\/div>\n\t\t\t\t<\/div>\n\t\t<div class=\"elementor-element elementor-element-f012d78 e-flex e-con-boxed e-con e-parent\" data-id=\"f012d78\" data-element_type=\"container\" data-e-type=\"container\">\n\t\t\t\t\t<div class=\"e-con-inner\">\n\t\t<div class=\"elementor-element elementor-element-fc02cea e-con-full e-flex e-con e-child\" data-id=\"fc02cea\" data-element_type=\"container\" data-e-type=\"container\">\n\t\t\t\t<div class=\"elementor-element elementor-element-9556d35 elementor-widget elementor-widget-at-contact-form\" data-id=\"9556d35\" data-element_type=\"widget\" data-e-type=\"widget\" data-widget_type=\"at-contact-form.default\">\n\t\t\t\t<div class=\"elementor-widget-container\">\n\t\t\t\t\t        <div class=\"contact-form contact-form-boxed contact-form-7\">\n\t\t\t                <h3 class=\"contact-form-title\">Get in Touch with Us<\/h3>\n\t\t\t\n<div class=\"wpcf7 no-js\" id=\"wpcf7-f1816-o1\" lang=\"en-US\" dir=\"ltr\" data-wpcf7-id=\"1816\">\n<div class=\"screen-reader-response\"><p role=\"status\" aria-live=\"polite\" aria-atomic=\"true\"><\/p> <ul><\/ul><\/div>\n<form action=\"\/en\/wp-json\/wp\/v2\/pages\/860#wpcf7-f1816-o1\" method=\"post\" class=\"wpcf7-form init\" aria-label=\"Contact form\" novalidate=\"novalidate\" data-status=\"init\" data-trp-original-action=\"\/en\/wp-json\/wp\/v2\/pages\/860#wpcf7-f1816-o1\">\n<fieldset class=\"hidden-fields-container\"><input type=\"hidden\" name=\"_wpcf7\" value=\"1816\" \/><input type=\"hidden\" name=\"_wpcf7_version\" value=\"6.1.5\" \/><input type=\"hidden\" name=\"_wpcf7_locale\" value=\"en_US\" \/><input type=\"hidden\" name=\"_wpcf7_unit_tag\" value=\"wpcf7-f1816-o1\" \/><input type=\"hidden\" name=\"_wpcf7_container_post\" value=\"0\" \/><input type=\"hidden\" name=\"_wpcf7_posted_data_hash\" value=\"\" \/>\n<\/fieldset>\n<div class=\"row\">\n\t<div class=\"col-md-6\">\n\t\t<p><span class=\"wpcf7-form-control-wrap\" data-name=\"your-name\"><input size=\"40\" maxlength=\"400\" class=\"wpcf7-form-control wpcf7-text wpcf7-validates-as-required\" aria-required=\"true\" aria-invalid=\"false\" placeholder=\"Your name*\" value=\"\" type=\"text\" name=\"your-name\" \/><\/span>\n\t\t<\/p>\n\t<\/div>\n\t<div class=\"col-md-6\">\n\t\t<p><span class=\"wpcf7-form-control-wrap\" data-name=\"your-email\"><input size=\"40\" maxlength=\"400\" class=\"wpcf7-form-control wpcf7-email wpcf7-validates-as-required wpcf7-text wpcf7-validates-as-email\" aria-required=\"true\" aria-invalid=\"false\" placeholder=\"E-mail*\" value=\"\" type=\"email\" name=\"your-email\" \/><\/span>\n\t\t<\/p>\n\t<\/div>\n\t<div class=\"col-md-12\">\n\t\t<p><span class=\"wpcf7-form-control-wrap\" data-name=\"text-150\"><input size=\"40\" maxlength=\"400\" class=\"wpcf7-form-control wpcf7-text wpcf7-validates-as-required\" aria-required=\"true\" aria-invalid=\"false\" placeholder=\"Your number phone*\" value=\"\" type=\"text\" name=\"text-150\" \/><\/span>\n\t\t<\/p>\n\t<\/div>\n\t<div class=\"col-md-12\">\n\t\t<p><span class=\"wpcf7-form-control-wrap\" data-name=\"your-message\"><textarea cols=\"40\" rows=\"10\" maxlength=\"2000\" class=\"wpcf7-form-control wpcf7-textarea wpcf7-validates-as-required\" aria-required=\"true\" aria-invalid=\"false\" placeholder=\"Write your message...\" name=\"your-message\"><\/textarea><\/span>\n\t\t<\/p>\n\t<\/div>\n\t<div class=\"col-md-12\">\n\t\t<p><button type='submit' class='at-btn'> Send <i class=\"fa-solid fa-arrow-right\"><\/i> <\/button>\n\t\t<\/p>\n\t<\/div>\n<\/div><div class=\"wpcf7-response-output\" aria-hidden=\"true\"><\/div>\n<input type=\"hidden\" name=\"trp-form-language\" value=\"en\"\/><\/form>\n<\/div>\n\n        <\/div>\n\t\t\t\t\t\t<\/div>\n\t\t\t\t<\/div>\n\t\t\t\t<\/div>\n\t\t\t\t\t<\/div>\n\t\t\t\t<\/div>\n\t\t\t\t<\/div>","protected":false},"excerpt":{"rendered":"<p>Skontaktuj si\u0119 z nami Jeste\u015bmy dost\u0119pni 24\/7, elastyczni w dzia\u0142aniu i zawsze skoncentrowani na Twoim sukcesie. Numer telefonu +48 880 140 007 E-mail info@aim-transport.pl Adres Aleja Solidarno\u015bci 34, 25-323 Kielce, Polska Dane firmy AIM Transport sp. z o.o. Aleja Solidarno\u015bci 34 25-323 Kielce, Polska NIP: 657-299-42-23 REGON: 540377962 KRS: 0001142970 Skontaktuj si\u0119 z nami Wy\u015blij<\/p>","protected":false},"author":1,"featured_media":0,"parent":0,"menu_order":0,"comment_status":"closed","ping_status":"closed","template":"elementor_header_footer","meta":{"footnotes":""},"class_list":["post-860","page","type-page","status-publish","hentry"],"_links":{"self":[{"href":"https:\/\/aim-transport.pl\/en\/wp-json\/wp\/v2\/pages\/860","targetHints":{"allow":["GET"]}}],"collection":[{"href":"https:\/\/aim-transport.pl\/en\/wp-json\/wp\/v2\/pages"}],"about":[{"href":"https:\/\/aim-transport.pl\/en\/wp-json\/wp\/v2\/types\/page"}],"author":[{"embeddable":true,"href":"https:\/\/aim-transport.pl\/en\/wp-json\/wp\/v2\/users\/1"}],"replies":[{"embeddable":true,"href":"https:\/\/aim-transport.pl\/en\/wp-json\/wp\/v2\/comments?post=860"}],"version-history":[{"count":14,"href":"https:\/\/aim-transport.pl\/en\/wp-json\/wp\/v2\/pages\/860\/revisions"}],"predecessor-version":[{"id":2100,"href":"https:\/\/aim-transport.pl\/en\/wp-json\/wp\/v2\/pages\/860\/revisions\/2100"}],"wp:attachment":[{"href":"https:\/\/aim-transport.pl\/en\/wp-json\/wp\/v2\/media?parent=860"}],"curies":[{"name":"wp","href":"https:\/\/api.w.org\/{rel}","templated":true}]}}